{"id":1219,"date":"2024-09-03T09:10:48","date_gmt":"2024-09-03T09:10:48","guid":{"rendered":"https:\/\/ideedesign.ch\/referenzen\/"},"modified":"2024-10-07T14:46:52","modified_gmt":"2024-10-07T14:46:52","slug":"referenzen","status":"publish","type":"page","link":"https:\/\/stage.ideedesign.ch\/de\/referenzen\/","title":{"rendered":"references"},"content":{"rendered":"<p>[et_pb_section fb_built=&#8220;1&#8243; _builder_version=&#8220;4.27.2&#8243; _module_preset=&#8220;default&#8220; background_enable_color=&#8220;off&#8220; custom_margin=&#8220;||||false|false&#8220; custom_padding=&#8220;0px||0px||false|false&#8220; custom_css_free_form=&#8220;.et_pb_section {||     padding: 0 0 0 0!important  }&#8220; locked=&#8220;off&#8220; global_colors_info=&#8220;{}&#8220; custom_margin__hover_enabled=&#8220;on|desktop&#8220; custom_margin__hover=&#8220;||||false|false&#8220;][et_pb_row column_structure=&#8220;2_5,3_5&#8243; use_custom_gutter=&#8220;on&#8220; gutter_width=&#8220;1&#8243; make_equal=&#8220;on&#8220; custom_padding_last_edited=&#8220;on|desktop&#8220; _builder_version=&#8220;4.27.2&#8243; _module_preset=&#8220;default&#8220; width=&#8220;100%&#8220; max_width=&#8220;100%&#8220; custom_margin=&#8220;0px|auto||auto|false|false&#8220; custom_margin_tablet=&#8220;0px|auto||auto|false|false&#8220; custom_margin_phone=&#8220;0px|auto||auto|false|false&#8220; custom_margin_last_edited=&#8220;on|desktop&#8220; custom_padding=&#8220;130px||0px|0px|false|false&#8220; custom_padding_tablet=&#8220;100px||||false|false&#8220; custom_padding_phone=&#8220;100px||||false|false&#8220; global_colors_info=&#8220;{}&#8220;][et_pb_column type=&#8220;2_5&#8243; _builder_version=&#8220;4.27.0&#8243; _module_preset=&#8220;default&#8220; background_color=&#8220;#fddec7&#8243; custom_padding=&#8220;150px|50px|0px|100px|false|false&#8220; custom_padding_tablet=&#8220;80px|20px|70px|40px|false|false&#8220; custom_padding_phone=&#8220;50px|20px|50px|20px|false|false&#8220; custom_padding_last_edited=&#8220;on|desktop&#8220; global_colors_info=&#8220;{}&#8220;][et_pb_text _builder_version=&#8220;4.27.0&#8243; _module_preset=&#8220;c4131c81-a85f-4b10-ad4f-d822ab070433&#8243; header_font=&#8220;|300|||||||&#8220; header_font_size=&#8220;70px&#8220; header_letter_spacing=&#8220;-2px&#8220; header_2_font=&#8220;Rubik||||||||&#8220; header_2_text_align=&#8220;left&#8220; width=&#8220;100%&#8220; custom_margin_tablet=&#8220;||||false|false&#8220; custom_margin_phone=&#8220;|||0px|false|false&#8220; custom_margin_last_edited=&#8220;on|phone&#8220; text_font_size_tablet=&#8220;&#8220; text_font_size_phone=&#8220;&#8220; text_font_size_last_edited=&#8220;on|desktop&#8220; header_font_size_tablet=&#8220;50px&#8220; header_2_font_size_tablet=&#8220;40px&#8220; header_2_font_size_phone=&#8220;30px&#8220; header_2_font_size_last_edited=&#8220;on|tablet&#8220; global_colors_info=&#8220;{}&#8220;]<\/p>\n<h1 style=\"text-align: left;\">references<\/h1>\n<p>[\/et_pb_text][et_pb_text _builder_version=&#8220;4.27.0&#8243; _module_preset=&#8220;default&#8220; text_font=&#8220;&#8211;et_global_body_font||||||||&#8220; text_text_color=&#8220;#000000&#8243; text_line_height=&#8220;1.6em&#8220; header_font=&#8220;|&#8211;et_global_heading_font_weight|||||||&#8220; width=&#8220;100%&#8220; max_width=&#8220;680px&#8220; custom_margin=&#8220;20px||||false|false&#8220; custom_margin_tablet=&#8220;20px||0px||false|false&#8220; custom_margin_phone=&#8220;20px|0px|50px|0px|false|false&#8220; custom_margin_last_edited=&#8220;on|desktop&#8220; custom_padding=&#8220;|0px|150px||false|false&#8220; global_colors_info=&#8220;{%22gcid-primary-color%22:%91%22link_text_color%22%93,%22gcid-heading-color%22:%91%22header_text_color%22,%22header_4_text_color%22,%22header_3_text_color%22,%22header_2_text_color%22,%22header_5_text_color%22,%22header_6_text_color%22,%22quote_text_color%22%93,%22gcid-secondary-color%22:%91%22quote_border_color%22%93}&#8220;]<\/p>\n<p><span>AGENT PROVOCATEUR<\/span><br \/><span>ATELIERSCHULE<\/span><br \/><span>AMAG<\/span><br \/><span>BUCHERER GRUPPE<\/span><br \/><span>BURBERRY<br \/>DIEBOLD NIXDORF<br \/><\/span><span><\/span><span>DIMEXON INTERNATIONAL<\/span><br \/><span>EMBASSY<\/span><br \/><span>ETH Z\u00dcRICH<\/span><br \/><span>GLASH\u00dcTTE<\/span><br \/><span>GUCCI<\/span><br \/><span>M\u00c4CHLER<\/span><br \/><span>GINESTA<\/span><br \/><span>GIRARD PERREGAUX SA<\/span><br \/><span>HIRSLANDEN<\/span><br \/><span>HUGO BOSS<br \/>KURZ<br \/>MONT BLANC<br \/>OMEGA<br \/>PANERAI<br \/>PRADA<br \/>RITA HESS<br \/>RUDOLF STEINER SCHULE<br \/>SOWIND SA<br \/>THOUVENIN &amp; PARTNER<br \/>T\u00dcRLER<br \/>VOGT OPTIK<br \/>ZIMMERLI OF SWITZERLAND<\/span><\/p>\n<p>[\/et_pb_text][\/et_pb_column][et_pb_column type=&#8220;3_5&#8243; _builder_version=&#8220;4.27.0&#8243; _module_preset=&#8220;default&#8220; background_enable_color=&#8220;off&#8220; background_image=&#8220;https:\/\/stage.ideedesign.ch\/wp-content\/uploads\/2024\/10\/Atelier1_SW_Referenzen.jpg&#8220; custom_padding=&#8220;0px||0px||false|false&#8220; custom_padding_tablet=&#8220;0px||0px||false|false&#8220; custom_padding_phone=&#8220;||0px||false|false&#8220; custom_padding_last_edited=&#8220;on|desktop&#8220; filter_opacity=&#8220;50%&#8220; global_colors_info=&#8220;{}&#8220;][et_pb_image src=&#8220;https:\/\/stage.ideedesign.ch\/wp-content\/uploads\/2024\/10\/Atelier1_SW_Referenzen.jpg&#8220; title_text=&#8220;Atelier1_SW_Referenzen&#8220; show_bottom_space=&#8220;off&#8220; force_fullwidth=&#8220;on&#8220; disabled_on=&#8220;on|on|on&#8220; _builder_version=&#8220;4.27.0&#8243; _module_preset=&#8220;default&#8220; background_color=&#8220;RGBA(255,255,255,0)&#8220; background_enable_image=&#8220;off&#8220; background_blend=&#8220;saturation&#8220; custom_margin=&#8220;||||false|false&#8220; custom_padding=&#8220;||||false|false&#8220; filter_opacity=&#8220;49%&#8220; mix_blend_mode=&#8220;multiply&#8220; custom_css_free_form=&#8220;\/*.et_pb_image_0 .et_pb_image_wrap {||    position: relative;||    width: 100%;||    height: 100vh; ||    overflow: hidden; ||}||||.et_pb_image_0 .et_pb_image_wrap img {||    position: absolute;||    top: 0;||    left: 0;||    width: 100%;||    height: 100%;||    object-fit: cover; ||}*\/&#8220; border_radii=&#8220;on|0px|0px|0px|0px&#8220; disabled=&#8220;on&#8220; global_colors_info=&#8220;{}&#8220;][\/et_pb_image][\/et_pb_column][\/et_pb_row][\/et_pb_section]<\/p>\n","protected":false},"excerpt":{"rendered":"<p>referencesAGENT PROVOCATEURATELIERSCHULEAMAGBUCHERER GRUPPEBURBERRYDIEBOLD NIXDORFDIMEXON INTERNATIONALEMBASSYETH Z\u00dcRICHGLASH\u00dcTTEGUCCIM\u00c4CHLERGINESTAGIRARD PERREGAUX SAHIRSLANDENHUGO BOSSKURZMONT BLANCOMEGAPANERAIPRADARITA HESSRUDOLF STEINER SCHULESOWIND SATHOUVENIN &amp; PARTNERT\u00dcRLERVOGT OPTIKZIMMERLI OF SWITZERLAND<\/p>\n","protected":false},"author":1,"featured_media":0,"parent":0,"menu_order":0,"comment_status":"closed","ping_status":"closed","template":"","meta":{"_et_pb_use_builder":"on","_et_pb_old_content":"","_et_gb_content_width":"","inline_featured_image":false,"footnotes":""},"class_list":["post-1219","page","type-page","status-publish","hentry"],"_links":{"self":[{"href":"https:\/\/stage.ideedesign.ch\/de\/wp-json\/wp\/v2\/pages\/1219","targetHints":{"allow":["GET"]}}],"collection":[{"href":"https:\/\/stage.ideedesign.ch\/de\/wp-json\/wp\/v2\/pages"}],"about":[{"href":"https:\/\/stage.ideedesign.ch\/de\/wp-json\/wp\/v2\/types\/page"}],"author":[{"embeddable":true,"href":"https:\/\/stage.ideedesign.ch\/de\/wp-json\/wp\/v2\/users\/1"}],"replies":[{"embeddable":true,"href":"https:\/\/stage.ideedesign.ch\/de\/wp-json\/wp\/v2\/comments?post=1219"}],"version-history":[{"count":33,"href":"https:\/\/stage.ideedesign.ch\/de\/wp-json\/wp\/v2\/pages\/1219\/revisions"}],"predecessor-version":[{"id":2028,"href":"https:\/\/stage.ideedesign.ch\/de\/wp-json\/wp\/v2\/pages\/1219\/revisions\/2028"}],"wp:attachment":[{"href":"https:\/\/stage.ideedesign.ch\/de\/wp-json\/wp\/v2\/media?parent=1219"}],"curies":[{"name":"wp","href":"https:\/\/api.w.org\/{rel}","templated":true}]}}