{"id":1994,"date":"2024-08-30T11:33:41","date_gmt":"2024-08-30T11:33:41","guid":{"rendered":"https:\/\/ideedesign.ch\/about\/"},"modified":"2024-10-07T14:28:10","modified_gmt":"2024-10-07T14:28:10","slug":"about","status":"publish","type":"page","link":"https:\/\/stage.ideedesign.ch\/de\/about\/","title":{"rendered":"about"},"content":{"rendered":"<p>[et_pb_section fb_built=&#8220;1&#8243; _builder_version=&#8220;4.27.2&#8243; _module_preset=&#8220;default&#8220; background_enable_color=&#8220;off&#8220; custom_margin=&#8220;||||false|false&#8220; custom_padding=&#8220;0px||0px||false|false&#8220; hover_enabled=&#8220;0&#8243; global_colors_info=&#8220;{}&#8220; custom_margin__hover_enabled=&#8220;on|desktop&#8220; custom_margin__hover=&#8220;||||false|false&#8220; custom_css_free_form=&#8220;.et_pb_section {||     padding: 0 0 0 0!important  }&#8220; sticky_enabled=&#8220;0&#8243;][et_pb_row column_structure=&#8220;2_5,3_5&#8243; use_custom_gutter=&#8220;on&#8220; gutter_width=&#8220;1&#8243; make_equal=&#8220;on&#8220; _builder_version=&#8220;4.27.2&#8243; _module_preset=&#8220;default&#8220; width=&#8220;100%&#8220; max_width=&#8220;100%&#8220; custom_margin=&#8220;0px|auto||auto|false|false&#8220; custom_margin_tablet=&#8220;0px|auto||auto|false|false&#8220; custom_margin_phone=&#8220;0px|auto||auto|false|false&#8220; custom_margin_last_edited=&#8220;on|desktop&#8220; custom_padding=&#8220;130px||0px|0px|false|false&#8220; hover_enabled=&#8220;0&#8243; global_colors_info=&#8220;{}&#8220; sticky_enabled=&#8220;0&#8243; custom_padding_last_edited=&#8220;on|tablet&#8220; custom_padding_tablet=&#8220;100px||||false|false&#8220; custom_padding_phone=&#8220;100px||||false|false&#8220;][et_pb_column type=&#8220;2_5&#8243; _builder_version=&#8220;4.27.0&#8243; _module_preset=&#8220;default&#8220; background_color=&#8220;#fddec7&#8243; custom_padding=&#8220;150px|50px|0px|100px|false|false&#8220; custom_padding_tablet=&#8220;80px|20px|70px|40px|false|false&#8220; custom_padding_phone=&#8220;50px|20px|50px|20px|false|false&#8220; custom_padding_last_edited=&#8220;on|phone&#8220; global_colors_info=&#8220;{}&#8220;][et_pb_text _builder_version=&#8220;4.27.0&#8243; _module_preset=&#8220;c4131c81-a85f-4b10-ad4f-d822ab070433&#8243; header_font=&#8220;|300|||||||&#8220; header_font_size=&#8220;70px&#8220; header_letter_spacing=&#8220;-2px&#8220; header_2_font=&#8220;Rubik||||||||&#8220; header_2_text_align=&#8220;left&#8220; width=&#8220;100%&#8220; custom_margin_tablet=&#8220;||||false|false&#8220; custom_margin_phone=&#8220;|||0px|false|false&#8220; custom_margin_last_edited=&#8220;on|phone&#8220; text_font_size_tablet=&#8220;&#8220; text_font_size_phone=&#8220;&#8220; text_font_size_last_edited=&#8220;on|desktop&#8220; header_font_size_tablet=&#8220;50px&#8220; header_2_font_size_tablet=&#8220;40px&#8220; header_2_font_size_phone=&#8220;30px&#8220; header_2_font_size_last_edited=&#8220;on|tablet&#8220; global_colors_info=&#8220;{}&#8220;]<\/p>\n<h1 style=\"text-align: left;\">about<\/h1>\n<p>[\/et_pb_text][et_pb_text _builder_version=&#8220;4.27.0&#8243; _module_preset=&#8220;default&#8220; text_font=&#8220;&#8211;et_global_body_font||||||||&#8220; text_text_color=&#8220;#000000&#8243; text_line_height=&#8220;1.6em&#8220; header_font=&#8220;|&#8211;et_global_heading_font_weight|||||||&#8220; width=&#8220;100%&#8220; max_width=&#8220;680px&#8220; custom_margin=&#8220;20px||||false|false&#8220; custom_margin_tablet=&#8220;20px||0px||false|false&#8220; custom_margin_phone=&#8220;20px|0px|0px|0px|false|false&#8220; custom_margin_last_edited=&#8220;on|desktop&#8220; custom_padding=&#8220;|0px|50px||false|false&#8220; global_colors_info=&#8220;{%22gcid-primary-color%22:%91%22link_text_color%22%93,%22gcid-heading-color%22:%91%22header_text_color%22,%22header_4_text_color%22,%22header_3_text_color%22,%22header_2_text_color%22,%22header_5_text_color%22,%22header_6_text_color%22,%22quote_text_color%22%93,%22gcid-secondary-color%22:%91%22quote_border_color%22%93}&#8220;]<\/p>\n<p>Die IDDESIGN AG WINDOW STORE INTERIOR<br \/>ist eine Agentur f\u00fcr Ladenbau, Schaufenstergestaltung und Innenarchitektur.<\/p>\n<p>2004 wurde IDDESIGN AG von Daniel Sennhauser, Gestalter und Innenarchitekt gegr\u00fcndet. Die mehrj\u00e4hrigen Berufserfahrungen als Creativ Director bei der Bucherer Gruppe Luzern, als Art Director<br \/>bei der Grieder Bon G\u00e9nie Gruppe Z\u00fcrich\/Genf sowie als Exhibition Designer bei Interbrand CI-Agentur in Z\u00fcrich runden das Profil ab. <\/p>\n<p>Die IDDESIGN AG steht f\u00fcr Identit\u00e4t und Kreativit\u00e4t.<br \/>Wir arbeiten interdisziplin\u00e4r, projektbezogen mit den besten und erfahrensten Spezialisten zusammen.<br \/>Ihre R\u00e4ume werden von uns zielgerichtet auf Ihre Bed\u00fcrfnisse und Vorstellungen gestaltet. Die IDDESIGN AG plant, organisiert, produziert und realisiert m\u00f6glichst \u00f6kologisch und immer in bester Qualit\u00e4t. <\/p>\n<p>Mit unserer langj\u00e4hrigen Erfahrung und einer breiten Palette von Dienstleistungen aus den Bereichen Ladenbau, Schaufenstergestaltung, Objektdesign, Beschriftungen, Ausstellungen und Innenarchitektur sind wir in der Lage, sowohl kleine als auch gro\u00dfe Auftr\u00e4ge von der ersten Idee bis zur Umsetzung zu realisieren.<\/p>\n<p>[\/et_pb_text][\/et_pb_column][et_pb_column type=&#8220;3_5&#8243; _builder_version=&#8220;4.27.0&#8243; _module_preset=&#8220;default&#8220; background_color=&#8220;#FFFFFF&#8220; custom_padding=&#8220;0px||0px||false|false&#8220; custom_padding_tablet=&#8220;0px||0px||false|false&#8220; custom_padding_phone=&#8220;||0px||false|false&#8220; custom_padding_last_edited=&#8220;on|desktop&#8220; global_colors_info=&#8220;{}&#8220;][et_pb_slider arrows_custom_color=&#8220;#FFFFFF&#8220; dot_nav_custom_color=&#8220;#FFFFFF&#8220; _builder_version=&#8220;4.27.0&#8243; _module_preset=&#8220;default&#8220; min_height=&#8220;1100px&#8220; min_height_tablet=&#8220;750px&#8220; min_height_phone=&#8220;650px&#8220; min_height_last_edited=&#8220;on|desktop&#8220; animation_style=&#8220;fade&#8220; animation_duration=&#8220;950ms&#8220; animation_speed_curve=&#8220;ease-in&#8220; auto=&#8220;on&#8220; auto_speed=&#8220;6000&#8243; auto_ignore_hover=&#8220;on&#8220; locked=&#8220;off&#8220; global_colors_info=&#8220;{}&#8220;][et_pb_slide _builder_version=&#8220;4.27.0&#8243; _module_preset=&#8220;default&#8220; background_image=&#8220;https:\/\/stage.ideedesign.ch\/wp-content\/uploads\/2024\/08\/Daenel4bw.png&#8220; background_enable_image=&#8220;on&#8220; locked=&#8220;off&#8220; global_colors_info=&#8220;{}&#8220; sticky_transition=&#8220;on&#8220;][\/et_pb_slide][et_pb_slide admin_title=&#8220;Team&#8220; _builder_version=&#8220;4.27.0&#8243; _module_preset=&#8220;default&#8220; background_image=&#8220;https:\/\/stage.ideedesign.ch\/wp-content\/uploads\/2024\/10\/Neues3_Bild_ueber_uns.jpg&#8220; background_enable_image=&#8220;on&#8220; locked=&#8220;off&#8220; global_colors_info=&#8220;{}&#8220; sticky_transition=&#8220;on&#8220;][\/et_pb_slide][\/et_pb_slider][\/et_pb_column][\/et_pb_row][\/et_pb_section]<\/p>\n","protected":false},"excerpt":{"rendered":"<p>aboutDie IDDESIGN AG WINDOW STORE INTERIORist eine Agentur f\u00fcr Ladenbau, Schaufenstergestaltung und Innenarchitektur. 2004 wurde IDDESIGN AG von Daniel Sennhauser, Gestalter und Innenarchitekt gegr\u00fcndet. Die mehrj\u00e4hrigen Berufserfahrungen als Creativ Director bei der Bucherer Gruppe Luzern, als Art Directorbei der Grieder Bon G\u00e9nie Gruppe Z\u00fcrich\/Genf sowie als Exhibition Designer bei Interbrand CI-Agentur in Z\u00fcrich runden das Profil ab. Die IDDESIGN AG steht f\u00fcr Identit\u00e4t und Kreativit\u00e4t.Wir arbeiten interdisziplin\u00e4r, projektbezogen mit den besten und erfahrensten Spezialisten zusammen.Ihre R\u00e4ume werden von uns zielgerichtet auf Ihre Bed\u00fcrfnisse und Vorstellungen gestaltet. Die IDDESIGN AG plant, organisiert, produziert und realisiert m\u00f6glichst \u00f6kologisch und immer in bester Qualit\u00e4t. Mit unserer langj\u00e4hrigen Erfahrung und einer breiten Palette von Dienstleistungen aus den Bereichen Ladenbau, Schaufenstergestaltung, Objektdesign, Beschriftungen, Ausstellungen und Innenarchitektur sind wir in der Lage, sowohl kleine als auch gro\u00dfe Auftr\u00e4ge von der ersten Idee bis zur Umsetzung zu realisieren.<\/p>\n","protected":false},"author":1,"featured_media":0,"parent":0,"menu_order":0,"comment_status":"closed","ping_status":"closed","template":"","meta":{"_et_pb_use_builder":"on","_et_pb_old_content":"","_et_gb_content_width":"","inline_featured_image":false,"footnotes":""},"class_list":["post-1994","page","type-page","status-publish","hentry"],"_links":{"self":[{"href":"https:\/\/stage.ideedesign.ch\/de\/wp-json\/wp\/v2\/pages\/1994","targetHints":{"allow":["GET"]}}],"collection":[{"href":"https:\/\/stage.ideedesign.ch\/de\/wp-json\/wp\/v2\/pages"}],"about":[{"href":"https:\/\/stage.ideedesign.ch\/de\/wp-json\/wp\/v2\/types\/page"}],"author":[{"embeddable":true,"href":"https:\/\/stage.ideedesign.ch\/de\/wp-json\/wp\/v2\/users\/1"}],"replies":[{"embeddable":true,"href":"https:\/\/stage.ideedesign.ch\/de\/wp-json\/wp\/v2\/comments?post=1994"}],"version-history":[{"count":4,"href":"https:\/\/stage.ideedesign.ch\/de\/wp-json\/wp\/v2\/pages\/1994\/revisions"}],"predecessor-version":[{"id":2009,"href":"https:\/\/stage.ideedesign.ch\/de\/wp-json\/wp\/v2\/pages\/1994\/revisions\/2009"}],"wp:attachment":[{"href":"https:\/\/stage.ideedesign.ch\/de\/wp-json\/wp\/v2\/media?parent=1994"}],"curies":[{"name":"wp","href":"https:\/\/api.w.org\/{rel}","templated":true}]}}