{"id":819,"date":"2024-08-30T14:24:49","date_gmt":"2024-08-30T14:24:49","guid":{"rendered":"https:\/\/ideedesign.ch\/ladengestaltung\/"},"modified":"2024-10-07T14:30:24","modified_gmt":"2024-10-07T14:30:24","slug":"ladengestaltung","status":"publish","type":"page","link":"https:\/\/stage.ideedesign.ch\/de\/ladengestaltung\/","title":{"rendered":"store"},"content":{"rendered":"<p>[et_pb_section fb_built=&#8220;1&#8243; _builder_version=&#8220;4.27.2&#8243; _module_preset=&#8220;default&#8220; background_enable_color=&#8220;off&#8220; custom_margin=&#8220;||||false|false&#8220; custom_padding=&#8220;0px||0px||false|false&#8220; custom_css_free_form=&#8220;.et_pb_section {||     padding: 0 0 0 0!important  }&#8220; global_colors_info=&#8220;{}&#8220;][et_pb_row column_structure=&#8220;2_5,3_5&#8243; use_custom_gutter=&#8220;on&#8220; gutter_width=&#8220;1&#8243; make_equal=&#8220;on&#8220; _builder_version=&#8220;4.27.2&#8243; _module_preset=&#8220;default&#8220; width=&#8220;100%&#8220; max_width=&#8220;100%&#8220; max_width_last_edited=&#8220;off|desktop&#8220; custom_margin=&#8220;0px|auto||auto|false|false&#8220; custom_margin_tablet=&#8220;0px|auto||auto|false|false&#8220; custom_margin_phone=&#8220;0px|auto||auto|false|false&#8220; custom_margin_last_edited=&#8220;on|desktop&#8220; custom_padding=&#8220;130px||0px|0px|false|false&#8220; hover_enabled=&#8220;0&#8243; global_colors_info=&#8220;{}&#8220; sticky_enabled=&#8220;0&#8243; custom_padding_tablet=&#8220;100px||||false|false&#8220; custom_padding_last_edited=&#8220;on|tablet&#8220; custom_padding_phone=&#8220;100px||||false|false&#8220;][et_pb_column type=&#8220;2_5&#8243; _builder_version=&#8220;4.27.0&#8243; _module_preset=&#8220;default&#8220; background_color=&#8220;#9e9384&#8243; custom_padding=&#8220;150px|50px|0px|100px|false|false&#8220; custom_padding_tablet=&#8220;80px|20px|70px|40px|false|false&#8220; custom_padding_phone=&#8220;50px|20px|50px|20px|false|false&#8220; custom_padding_last_edited=&#8220;on|desktop&#8220; global_colors_info=&#8220;{}&#8220;][et_pb_text _builder_version=&#8220;4.27.0&#8243; _module_preset=&#8220;default&#8220; header_font=&#8220;|300|||||||&#8220; header_font_size=&#8220;70px&#8220; header_letter_spacing=&#8220;-2px&#8220; header_2_font=&#8220;Rubik||||||||&#8220; header_2_text_align=&#8220;left&#8220; width=&#8220;100%&#8220; text_font_size_tablet=&#8220;&#8220; text_font_size_phone=&#8220;&#8220; text_font_size_last_edited=&#8220;on|desktop&#8220; header_font_size_tablet=&#8220;50px&#8220; header_font_size_phone=&#8220;40px&#8220; header_2_font_size_tablet=&#8220;40px&#8220; header_2_font_size_phone=&#8220;30px&#8220; header_2_font_size_last_edited=&#8220;on|tablet&#8220; global_colors_info=&#8220;{}&#8220;]<\/p>\n<h1 style=\"text-align: left;\">store<\/h1>\n<p>[\/et_pb_text][et_pb_text _builder_version=&#8220;4.27.0&#8243; _module_preset=&#8220;default&#8220; text_font=&#8220;&#8211;et_global_body_font||||||||&#8220; text_text_color=&#8220;#000000&#8243; text_line_height=&#8220;1.6em&#8220; header_font=&#8220;|&#8211;et_global_heading_font_weight|||||||&#8220; width=&#8220;100%&#8220; max_width=&#8220;680px&#8220; custom_margin=&#8220;20px||0px||false|false&#8220; custom_margin_tablet=&#8220;20px||0px||false|false&#8220; custom_margin_phone=&#8220;20px|0px|0px|0px|false|false&#8220; custom_margin_last_edited=&#8220;on|phone&#8220; custom_padding=&#8220;|0px||||&#8220; global_colors_info=&#8220;{%22gcid-primary-color%22:%91%22link_text_color%22%93,%22gcid-heading-color%22:%91%22header_text_color%22,%22header_4_text_color%22,%22header_3_text_color%22,%22header_2_text_color%22,%22header_5_text_color%22,%22header_6_text_color%22,%22quote_text_color%22%93,%22gcid-secondary-color%22:%91%22quote_border_color%22%93}&#8220;]<\/p>\n<p><span>Wir gestalten Markenauftritte in R\u00e4umen, in denen sich der Kunde sowie die Belegschaft wohl f\u00fchlen. Wir wissen, wie Ware verkaufsstark in Szene gesetzt werden muss. Immer anders und immer wieder neu. Das Kaufverhalten und das Zielpublikum \u00e4ndern sich laufend. Was heute richtig erscheint, kann morgen schon falsch sein.    <\/span><\/p>\n<p><span>Retail ist ein schnelllebiges Gesch\u00e4ft. So ist auch unser Denken in der Ladengestaltung und Einrichtung sehr gepr\u00e4gt von dieser Erkenntnis und grossen Erfahrung. <\/span><\/p>\n<p>[\/et_pb_text][\/et_pb_column][et_pb_column type=&#8220;3_5&#8243; _builder_version=&#8220;4.27.0&#8243; _module_preset=&#8220;default&#8220; background_color=&#8220;#e5e5e5&#8243; custom_padding=&#8220;0px||0px||false|false&#8220; custom_padding_tablet=&#8220;0px||0px||false|false&#8220; custom_padding_phone=&#8220;||||false|false&#8220; custom_padding_last_edited=&#8220;on|desktop&#8220; global_colors_info=&#8220;{}&#8220;][et_pb_slider arrows_custom_color=&#8220;#FFFFFF&#8220; dot_nav_custom_color=&#8220;#FFFFFF&#8220; _builder_version=&#8220;4.27.0&#8243; _module_preset=&#8220;default&#8220; min_height=&#8220;100vh&#8220; animation_style=&#8220;fade&#8220; animation_duration=&#8220;1300ms&#8220; animation_speed_curve=&#8220;ease-in&#8220; auto=&#8220;on&#8220; auto_speed=&#8220;6000&#8243; auto_ignore_hover=&#8220;on&#8220; global_colors_info=&#8220;{}&#8220;][et_pb_slide admin_title=&#8220;ZimmerliDubai New&#8220; _builder_version=&#8220;4.27.0&#8243; _module_preset=&#8220;default&#8220; background_image=&#8220;https:\/\/stage.ideedesign.ch\/wp-content\/uploads\/2024\/09\/Dubai_Aussen_v4.jpg&#8220; background_enable_image=&#8220;on&#8220; global_colors_info=&#8220;{}&#8220; sticky_transition=&#8220;on&#8220;][\/et_pb_slide][et_pb_slide admin_title=&#8220;Gucci&#8220; _builder_version=&#8220;4.27.0&#8243; _module_preset=&#8220;default&#8220; background_image=&#8220;https:\/\/stage.ideedesign.ch\/wp-content\/uploads\/2024\/09\/IMG_0637-rotated.jpg&#8220; background_enable_image=&#8220;on&#8220; global_colors_info=&#8220;{}&#8220; sticky_transition=&#8220;on&#8220;][\/et_pb_slide][et_pb_slide admin_title=&#8220;Omega&#8220; _builder_version=&#8220;4.27.0&#8243; _module_preset=&#8220;default&#8220; background_image=&#8220;https:\/\/stage.ideedesign.ch\/wp-content\/uploads\/2024\/09\/Omega-scaled.jpg&#8220; background_enable_image=&#8220;on&#8220; global_colors_info=&#8220;{}&#8220; sticky_transition=&#8220;on&#8220;][\/et_pb_slide][et_pb_slide admin_title=&#8220;Store &#8220; _builder_version=&#8220;4.27.0&#8243; _module_preset=&#8220;default&#8220; background_image=&#8220;https:\/\/stage.ideedesign.ch\/wp-content\/uploads\/2024\/09\/Ladenb_Juwelier_5_gallerybg.jpg&#8220; background_enable_image=&#8220;on&#8220; global_colors_info=&#8220;{}&#8220; sticky_transition=&#8220;on&#8220;][\/et_pb_slide][et_pb_slide admin_title=&#8220;ZimmerliDubai&#8220; _builder_version=&#8220;4.27.0&#8243; _module_preset=&#8220;default&#8220; background_image=&#8220;https:\/\/stage.ideedesign.ch\/wp-content\/uploads\/2024\/09\/Bildschirmfoto-2024-04-22-um-11.25.44.png&#8220; background_enable_image=&#8220;on&#8220; global_colors_info=&#8220;{}&#8220; sticky_transition=&#8220;on&#8220;][\/et_pb_slide][et_pb_slide admin_title=&#8220;Zimmerli 2&#8243; _builder_version=&#8220;4.27.0&#8243; _module_preset=&#8220;default&#8220; background_image=&#8220;https:\/\/stage.ideedesign.ch\/wp-content\/uploads\/2024\/08\/Riyadh_V1_03-scaled.jpg&#8220; background_enable_image=&#8220;on&#8220; global_colors_info=&#8220;{}&#8220; sticky_transition=&#8220;on&#8220;][\/et_pb_slide][et_pb_slide admin_title=&#8220;Ladenb_Kurz&#8220; _builder_version=&#8220;4.27.0&#8243; _module_preset=&#8220;default&#8220; background_image=&#8220;https:\/\/stage.ideedesign.ch\/wp-content\/uploads\/2024\/08\/Kurz_christmas_interior.jpg&#8220; background_enable_image=&#8220;on&#8220; global_colors_info=&#8220;{}&#8220; sticky_transition=&#8220;on&#8220;][\/et_pb_slide][et_pb_slide admin_title=&#8220;Tods&#8220; _builder_version=&#8220;4.27.0&#8243; _module_preset=&#8220;default&#8220; background_image=&#8220;https:\/\/stage.ideedesign.ch\/wp-content\/uploads\/2024\/09\/Ladenb_Straeli3_gallerybg.jpg&#8220; background_enable_image=&#8220;on&#8220; global_colors_info=&#8220;{}&#8220; sticky_transition=&#8220;on&#8220;][\/et_pb_slide][et_pb_slide admin_title=&#8220;Zimmerli2&#8243; _builder_version=&#8220;4.27.0&#8243; _module_preset=&#8220;default&#8220; background_image=&#8220;https:\/\/stage.ideedesign.ch\/wp-content\/uploads\/2024\/08\/Riyadh_V2_01-scaled.jpg&#8220; background_enable_image=&#8220;on&#8220; global_colors_info=&#8220;{}&#8220; sticky_transition=&#8220;on&#8220;][\/et_pb_slide][et_pb_slide admin_title=&#8220;Prada 3&#8243; _builder_version=&#8220;4.27.0&#8243; _module_preset=&#8220;default&#8220; background_image=&#8220;https:\/\/stage.ideedesign.ch\/wp-content\/uploads\/2024\/09\/DSCN1572-scaled.jpg&#8220; background_enable_image=&#8220;on&#8220; global_colors_info=&#8220;{}&#8220; sticky_transition=&#8220;on&#8220;][\/et_pb_slide][et_pb_slide admin_title=&#8220;Goldpromo&#8220; _builder_version=&#8220;4.27.0&#8243; _module_preset=&#8220;default&#8220; background_image=&#8220;https:\/\/stage.ideedesign.ch\/wp-content\/uploads\/2024\/08\/Goldpromo_4_PlexiBeine.jpg&#8220; background_enable_image=&#8220;on&#8220; global_colors_info=&#8220;{}&#8220; sticky_transition=&#8220;on&#8220;][\/et_pb_slide][\/et_pb_slider][\/et_pb_column][\/et_pb_row][\/et_pb_section]<\/p>\n","protected":false},"excerpt":{"rendered":"<p>storeWir gestalten Markenauftritte in R\u00e4umen, in denen sich der Kunde sowie die Belegschaft wohl f\u00fchlen. Wir wissen, wie Ware verkaufsstark in Szene gesetzt werden muss. Immer anders und immer wieder neu. Das Kaufverhalten und das Zielpublikum \u00e4ndern sich laufend. Was heute richtig erscheint, kann morgen schon falsch sein. Retail ist ein schnelllebiges Gesch\u00e4ft. So ist auch unser Denken in der Ladengestaltung und Einrichtung sehr gepr\u00e4gt von dieser Erkenntnis und grossen Erfahrung.<\/p>\n","protected":false},"author":1,"featured_media":0,"parent":0,"menu_order":0,"comment_status":"closed","ping_status":"closed","template":"","meta":{"_et_pb_use_builder":"on","_et_pb_old_content":"","_et_gb_content_width":"","inline_featured_image":false,"footnotes":""},"class_list":["post-819","page","type-page","status-publish","hentry"],"_links":{"self":[{"href":"https:\/\/stage.ideedesign.ch\/de\/wp-json\/wp\/v2\/pages\/819","targetHints":{"allow":["GET"]}}],"collection":[{"href":"https:\/\/stage.ideedesign.ch\/de\/wp-json\/wp\/v2\/pages"}],"about":[{"href":"https:\/\/stage.ideedesign.ch\/de\/wp-json\/wp\/v2\/types\/page"}],"author":[{"embeddable":true,"href":"https:\/\/stage.ideedesign.ch\/de\/wp-json\/wp\/v2\/users\/1"}],"replies":[{"embeddable":true,"href":"https:\/\/stage.ideedesign.ch\/de\/wp-json\/wp\/v2\/comments?post=819"}],"version-history":[{"count":55,"href":"https:\/\/stage.ideedesign.ch\/de\/wp-json\/wp\/v2\/pages\/819\/revisions"}],"predecessor-version":[{"id":2015,"href":"https:\/\/stage.ideedesign.ch\/de\/wp-json\/wp\/v2\/pages\/819\/revisions\/2015"}],"wp:attachment":[{"href":"https:\/\/stage.ideedesign.ch\/de\/wp-json\/wp\/v2\/media?parent=819"}],"curies":[{"name":"wp","href":"https:\/\/api.w.org\/{rel}","templated":true}]}}