{"id":829,"date":"2024-08-29T14:12:01","date_gmt":"2024-08-29T14:12:01","guid":{"rendered":"https:\/\/ideedesign.ch\/agb\/"},"modified":"2024-09-30T08:27:19","modified_gmt":"2024-09-30T08:27:19","slug":"agb","status":"publish","type":"page","link":"https:\/\/stage.ideedesign.ch\/de\/agb\/","title":{"rendered":"AGB"},"content":{"rendered":"<p>[et_pb_section fb_built=&#8220;1&#8243; _builder_version=&#8220;4.27.0&#8243; _module_preset=&#8220;default&#8220; min_height=&#8220;2654.7px&#8220; global_colors_info=&#8220;{}&#8220;][et_pb_row custom_padding_last_edited=&#8220;on|desktop&#8220; _builder_version=&#8220;4.27.0&#8243; _module_preset=&#8220;default&#8220; width=&#8220;100%&#8220; module_alignment=&#8220;left&#8220; custom_padding=&#8220;|||100px|false|false&#8220; custom_padding_tablet=&#8220;|20px||40px|false|false&#8220; custom_padding_phone=&#8220;|20px||20px|false|false&#8220; global_colors_info=&#8220;{}&#8220;][et_pb_column type=&#8220;4_4&#8243; _builder_version=&#8220;4.27.0&#8243; _module_preset=&#8220;default&#8220; global_colors_info=&#8220;{}&#8220;][et_pb_text _builder_version=&#8220;4.27.0&#8243; _module_preset=&#8220;default&#8220; header_font=&#8220;|300|||||||&#8220; header_font_size=&#8220;50px&#8220; header_letter_spacing=&#8220;-2px&#8220; header_2_font=&#8220;Rubik||||||||&#8220; header_2_text_align=&#8220;left&#8220; width=&#8220;100%&#8220; hover_enabled=&#8220;0&#8243; text_font_size_tablet=&#8220;&#8220; text_font_size_phone=&#8220;&#8220; text_font_size_last_edited=&#8220;on|desktop&#8220; header_font_size_tablet=&#8220;50px&#8220; header_font_size_phone=&#8220;30px&#8220; header_font_size_last_edited=&#8220;on|phone&#8220; header_2_font_size_tablet=&#8220;40px&#8220; header_2_font_size_phone=&#8220;30px&#8220; header_2_font_size_last_edited=&#8220;on|tablet&#8220; global_colors_info=&#8220;{}&#8220; sticky_enabled=&#8220;0&#8243;]<\/p>\n<h1>AGB<\/h1>\n<p>[\/et_pb_text][et_pb_text ol_position=&#8220;outside&#8220; ol_item_indent=&#8220;10px&#8220; _builder_version=&#8220;4.27.0&#8243; _module_preset=&#8220;default&#8220; text_font=&#8220;&#8211;et_global_body_font||||||||&#8220; ol_text_align=&#8220;left&#8220; ol_line_height=&#8220;1.8em&#8220; max_width=&#8220;680px&#8220; custom_margin=&#8220;|||19px|false|false&#8220; hover_enabled=&#8220;0&#8243; global_colors_info=&#8220;{}&#8220; sticky_enabled=&#8220;0&#8243;]<\/p>\n<ol>\n<li><b>Geltung der Allgemeinen Gesch\u00e4ftsbedingungen (\u201cAGB\u201d)<\/b><br \/>Die AGB erg\u00e4nzen Spezialvereinbarungen zwischen ID und ihren Kunden. Sie erlangen Wirksamkeit mit dem Vertragsschluss zwischen ID und ihren Kunden.Die von ID erbrachten Arbeiten, Leistungen und Lieferungen erfolgen ausschliesslich unter Anwendung dieser AGB. Abweichende Vereinbarungen bed\u00fcrfen der Schriftform und der ausdr\u00fccklichen Best\u00e4tigung durch ID. Die vorliegenden AGB geniessen Vorrang gegen\u00fcber Gesch\u00e4fts- und Lieferbedingungen Dritter.    <\/li>\n<li> <b><strong> Sorgfalt und Pflichten von ID<\/strong><\/b><br \/>ID wahrt die Interessen ihrer Kunden nach bestem Wissen und K\u00f6nnen und erbringt die vertraglich vereinbarten Leistungen unter Beachtung der branchen\u00fcblichen Sorgfalt.<\/li>\n<li><b>Rechte am Arbeitsergebnis<\/b><br \/>Mit Bezahlung des Honorars steht dem Kunden das Recht zu, die Arbeitsergebnisse von ID f\u00fcr den vereinbarten Zweck zu verwenden. Weitergehende Immaterialg\u00fcterrechte von ID bleiben vorbehalten. <\/li>\n<li><b><strong>Weisungsrecht und Vertretung der Kunden<\/strong><\/b><br \/>Der Kunde ist gegen\u00fcber ID weisungsberechtigt. Beharrt der Kunde trotz Abmahnung durch ID auf einer Weisung, so tr\u00e4gt der Kunde deren Folgen alleine.Inhalt und Umfang der Vertretungsbefugnisse von ID richten sich nach der spezifischen vertraglichen Vereinbarung. Im Zweifelsfall holt ID die Weisungen des Kunden ein. Zur Abwehr von Schaden und Gefahr ist ID in dringlichen F\u00e4llen auch ohne Einholung des Einverst\u00e4ndnisses des Kunden befugt, angemessene Massnahmen zu ergreifen.    <\/li>\n<li><b>Beizug von Dritten<\/b><br \/>Andere Vereinbarungen vorbehalten, ist ID befugt, f\u00fcr die Erf\u00fcllung ihrer vertraglichen Pflichten auf eigene Kosten Dritte beizuziehen.F\u00fcr T\u00e4tigkeiten von Dritten, die ID selber beigezogen hat, haftet ID f\u00fcr sorgf\u00e4ltige Auswahl, Anleitung und \u00dcberwachung.<br \/>F\u00fcr vom Kunden trotz Abmahnung von ID beigezogenen Dritten haftet ausschliesslich der Kunde. <\/li>\n<li><b>Geistiges Eigentum<\/b><br \/>Vorbeh\u00e4ltlich anderer vertraglicher Vereinbarungen, stehen s\u00e4mtliche Immaterialg\u00fcterrechte an von ID erstellten Werken im Eigentum von ID. Als Werke gelten auch Entw\u00fcrfe und Teile von Werken, sofern es sich um geistige Sch\u00f6pfungen mit individuellem Charakter handelt. ID kann das Werk unter Wahrung der Interessen des Kunden ver\u00f6ffentlichen und sich dabei als Urheberin bezeichnen.  <\/li>\n<li><b><strong>Gesch\u00e4fts- und Fabrikationsgeheimnisse<\/strong><\/b><br \/>Die Parteien verpflichten sich gegenseitig, Gesch\u00e4fts- und Fabrikationsgeheimnisse, welche sie im Rahmen dieser Zusammenarbeit erfahren, zu wahren und nicht an Dritte weiterzugeben. Als Fabrikations- und Gesch\u00e4ftsgeheimnisse gelten unter anderem Produktionsverfahren, technisches Know-how, Programmierungen, Konzepte, Offerten, Berechnungen, Kundenbeziehungen etc. <\/li>\n<li><b>Honorare<\/b><br \/>Das ID geschuldete Honorar richtet sich nach der vertraglichen Vereinbarung zwischen den Parteien. Mangels spezieller Vereinbarungen hat ID Anspruch auf ein Honorar nach Aufwand gem\u00e4ss branchen\u00fcblichen Ans\u00e4tzen. ID ist berechtigt, periodisch Akontozahlungen nach Fortschritt der Arbeiten geltend zu machen.<br \/>Akontozahlungen sind unverz\u00fcglich zu leisten, Rechnungen sind innerhalb von 30 Tagen nach Erhalt f\u00e4llig.  <\/li>\n<li><b>Arbeitsunterbruch und Verz\u00f6gerung<\/b><br \/>Ist der Unterbruch respektive die Verz\u00f6gerung vom Kunden zu verantworten, hat ID Anspruch auf Ersatz des ihr entstandenen Schadens. Bedingt die Verz\u00f6gerung bei Wiederaufnahme der Arbeiten zus\u00e4tzliche Leistungen, ist die H\u00f6he deren Honorierung vor Wiederaufnahme der Arbeiten schriftlich zu vereinbaren. <\/li>\n<li><b><strong>Abnahme und M\u00e4ngelr\u00fcge<\/strong><\/b><br \/>Der Kunde pr\u00fcft alle Arbeiten, Leistungen und Lieferungen von ID bei Erhalt bzw. bei \u00dcbernahme unverz\u00fcglich. Allf\u00e4llige M\u00e4ngel r\u00fcgt der Kunde umgehend, andernfalls allf\u00e4llige Garantieanspr\u00fcche als verwirkt gelten. Andere Vereinbarungen vorbehalten, ist bei der Lieferung von Werken die Wandelung ausgeschlossen.  <\/li>\n<li><b>Schriftlichkeitsvorbehalt<\/b><br \/>\u00c4nderungen und Erg\u00e4nzungen der vertraglichen Vereinbarung haben schriftlich zu erfolgen. M\u00fcndliche Nebenabreden sind unverbindlich. Abweichende schriftliche Vereinbarungen im Einzelvertrag gehen diesen allgemeinen Bestimmungen vor.  <\/li>\n<li><b>Salvatorische Klausel<\/b><br \/>Sollte eine oder mehrere Bestimmungen dieser Vereinbarung unwirksam sein oder werden, so hat dies auf die G\u00fcltigkeit der \u00fcbrigen Bestimmungen keinen Einfluss. Die Parteien verpflichten sich, eine unwirksame Bestimmung durch eine wirksame Bestimmung zu ersetzen, die der unwirksamen Bestimmung im wirtschaftlichen Ergebnis m\u00f6glichst nahe kommt. <\/li>\n<li><b><strong>Erf\u00fcllungsort, Gerichtsstand und anwendbares Recht<\/strong><\/b><br \/>Erf\u00fcllungsort f\u00fcr s\u00e4mtliche Leistungen seitens ID ist der Gesch\u00e4ftssitz von ID. Gerichtsstand f\u00fcr allf\u00e4llige rechtliche Auseinandersetzungen ist der Sitz von ID. ID steht das Recht zu, eigene Anspr\u00fcche am Sitz oder am Wohnsitz des Kunden geltend zu machen. Auf das Rechtsverh\u00e4ltnis zwischen ID und dem Kunden kommt ausschliesslich Schweizer Recht zur Anwendung.   <\/li>\n<\/ol>\n<p>[\/et_pb_text][\/et_pb_column][\/et_pb_row][\/et_pb_section]<\/p>\n","protected":false},"excerpt":{"rendered":"<p>AGB Geltung der Allgemeinen Gesch\u00e4ftsbedingungen (\u201cAGB\u201d)Die AGB erg\u00e4nzen Spezialvereinbarungen zwischen ID und ihren Kunden. Sie erlangen Wirksamkeit mit dem Vertragsschluss zwischen ID und ihren Kunden.Die von ID erbrachten Arbeiten, Leistungen und Lieferungen erfolgen ausschliesslich unter Anwendung dieser AGB. Abweichende Vereinbarungen bed\u00fcrfen der Schriftform und der ausdr\u00fccklichen Best\u00e4tigung durch ID. Die vorliegenden AGB geniessen Vorrang gegen\u00fcber Gesch\u00e4fts- und Lieferbedingungen Dritter. Sorgfalt und Pflichten von IDID wahrt die Interessen ihrer Kunden nach bestem Wissen und K\u00f6nnen und erbringt die vertraglich vereinbarten Leistungen unter Beachtung der branchen\u00fcblichen Sorgfalt. Rechte am ArbeitsergebnisMit Bezahlung des Honorars steht dem Kunden das Recht zu, die Arbeitsergebnisse von ID f\u00fcr den vereinbarten Zweck zu verwenden. Weitergehende Immaterialg\u00fcterrechte von ID bleiben vorbehalten. Weisungsrecht und Vertretung der KundenDer Kunde ist gegen\u00fcber ID weisungsberechtigt. Beharrt der Kunde trotz Abmahnung durch ID auf einer Weisung, so tr\u00e4gt der Kunde deren Folgen alleine.Inhalt und Umfang der Vertretungsbefugnisse von ID richten sich nach der spezifischen vertraglichen Vereinbarung. Im Zweifelsfall holt ID die Weisungen des Kunden ein. Zur Abwehr von Schaden und Gefahr ist ID in dringlichen F\u00e4llen auch ohne Einholung des Einverst\u00e4ndnisses des Kunden befugt, angemessene Massnahmen zu ergreifen. Beizug von DrittenAndere Vereinbarungen vorbehalten, ist ID befugt, f\u00fcr die Erf\u00fcllung ihrer vertraglichen Pflichten auf [&hellip;]<\/p>\n","protected":false},"author":1,"featured_media":0,"parent":0,"menu_order":0,"comment_status":"closed","ping_status":"closed","template":"","meta":{"_et_pb_use_builder":"on","_et_pb_old_content":"","_et_gb_content_width":"","inline_featured_image":false,"footnotes":""},"class_list":["post-829","page","type-page","status-publish","hentry"],"_links":{"self":[{"href":"https:\/\/stage.ideedesign.ch\/de\/wp-json\/wp\/v2\/pages\/829","targetHints":{"allow":["GET"]}}],"collection":[{"href":"https:\/\/stage.ideedesign.ch\/de\/wp-json\/wp\/v2\/pages"}],"about":[{"href":"https:\/\/stage.ideedesign.ch\/de\/wp-json\/wp\/v2\/types\/page"}],"author":[{"embeddable":true,"href":"https:\/\/stage.ideedesign.ch\/de\/wp-json\/wp\/v2\/users\/1"}],"replies":[{"embeddable":true,"href":"https:\/\/stage.ideedesign.ch\/de\/wp-json\/wp\/v2\/comments?post=829"}],"version-history":[{"count":17,"href":"https:\/\/stage.ideedesign.ch\/de\/wp-json\/wp\/v2\/pages\/829\/revisions"}],"predecessor-version":[{"id":1856,"href":"https:\/\/stage.ideedesign.ch\/de\/wp-json\/wp\/v2\/pages\/829\/revisions\/1856"}],"wp:attachment":[{"href":"https:\/\/stage.ideedesign.ch\/de\/wp-json\/wp\/v2\/media?parent=829"}],"curies":[{"name":"wp","href":"https:\/\/api.w.org\/{rel}","templated":true}]}}